{"id":2469,"date":"2023-06-29T14:11:14","date_gmt":"2023-06-29T12:11:14","guid":{"rendered":"https:\/\/www.cirmar.com\/faq\/"},"modified":"2023-07-25T14:29:11","modified_gmt":"2023-07-25T12:29:11","slug":"faq","status":"publish","type":"page","link":"https:\/\/cirmar.wp-acc.unframed.app\/de\/faq\/","title":{"rendered":"FAQ"},"content":{"rendered":"\n<figure class=\"wp-block-image size-large\"><img loading=\"lazy\" decoding=\"async\" width=\"1024\" height=\"572\" src=\"https:\/\/www.cirmar.com\/wp-content\/uploads\/2023\/07\/Scherm\u00adafbeelding-2023-07-13-om-13.41.42-1024x572.png\" alt=\"\" class=\"wp-image-2542\" srcset=\"https:\/\/cirmar.wp-acc.unframed.app\/app\/uploads\/2023\/07\/Scherm\u00adafbeelding-2023-07-13-om-13.41.42-1024x572.png 1024w, https:\/\/cirmar.wp-acc.unframed.app\/app\/uploads\/2023\/07\/Scherm\u00adafbeelding-2023-07-13-om-13.41.42-300x168.png 300w, https:\/\/cirmar.wp-acc.unframed.app\/app\/uploads\/2023\/07\/Scherm\u00adafbeelding-2023-07-13-om-13.41.42-768x429.png 768w, https:\/\/cirmar.wp-acc.unframed.app\/app\/uploads\/2023\/07\/Scherm\u00adafbeelding-2023-07-13-om-13.41.42-984x550.png 984w, https:\/\/cirmar.wp-acc.unframed.app\/app\/uploads\/2023\/07\/Scherm\u00adafbeelding-2023-07-13-om-13.41.42-250x140.png 250w, https:\/\/cirmar.wp-acc.unframed.app\/app\/uploads\/2023\/07\/Scherm\u00adafbeelding-2023-07-13-om-13.41.42-600x335.png 600w, https:\/\/cirmar.wp-acc.unframed.app\/app\/uploads\/2023\/07\/Scherm\u00adafbeelding-2023-07-13-om-13.41.42.png 1163w\" sizes=\"(max-width: 1024px) 100vw, 1024px\" \/><\/figure>\n\n\n\n<section class=\"c-faq__section\">\n    <h2>Kreislaufwirtschaft<\/h2>\n    <div class=\"c-faq\">\n\n        \n            <div class=\"c-faq__single\">\n                <dt class=\"c-faq__single__q\">\n                    <p>Was ist eine Kreislaufwirtschaft?<\/p>\n                    <button>\n                        <i class=\"icon-arrow-down\"><\/i>\n                    <\/button>\n                <\/dt>\n                <dd>\n                    <p>Die Kreislaufwirtschaft ist ein Wirtschaftssystem, das darauf abzielt, Abf\u00e4lle zu minimieren und die Nutzung von Ressourcen zu maximieren, indem Materialien durch Strategien wie Recycling, Wiederverwendung und Reparatur so lange wie m\u00f6glich genutzt werden. Die Kreislaufwirtschaft zielt darauf ab, von einem linearen &#8220;Nehmen-Herstellen-Entsorgen&#8221;-Modell zu einem geschlossenen Kreislaufsystem \u00fcberzugehen, das Nachhaltigkeit und Umweltverantwortung f\u00f6rdert.<\/p>\n                <\/dd>\n            <\/div>\n\n        \n            <div class=\"c-faq__single\">\n                <dt class=\"c-faq__single__q\">\n                    <p>Was ist Rohstoffknappheit?<\/p>\n                    <button>\n                        <i class=\"icon-arrow-down\"><\/i>\n                    <\/button>\n                <\/dt>\n                <dd>\n                    <p>Die Welt ist mit einer zunehmenden Rohstoffknappheit konfrontiert. Darunter versteht man eine Situation, in der es ein begrenztes Angebot an nat\u00fcrlichen Ressourcen oder Materialien gibt, die f\u00fcr die Herstellung von Waren und die Erbringung von Dienstleistungen erforderlich sind. Diese Knappheit wird durch verschiedene Faktoren verursacht, wie z. B. \u00dcberkonsum, Ersch\u00f6pfung der Ressourcen, geopolitische Konflikte oder Unterbrechungen in der Lieferkette. Sie kann zu h\u00f6heren Preisen und einer geringeren Verf\u00fcgbarkeit von Produkten f\u00fchren und in einigen F\u00e4llen die Notwendigkeit mit sich bringen, alternative Materialien oder Technologien zu finden, um die knappen Ressourcen zu ersetzen.<\/p>\n<p>Vor allem in Europa ist der Bedarf an alternativen Materialien, Technologien und Systemen zweifellos vorhanden. Europa verf\u00fcgt nicht \u00fcber reiche Ressourcen an Rohstoffen und fossilen Brennstoffen. Um die Zukunft der europ\u00e4ischen Produktion von G\u00fctern und Dienstleistungen zu sichern, ist eine andere Sichtweise auf die Produktion, den Verbrauch und das Ende der Nutzung erforderlich. Die Kreislaufwirtschaft bietet eine L\u00f6sung, indem sie sich auf die R\u00fcckgewinnung von Materialien, das Recycling und die Aufarbeitung von Produkten und Materialien konzentriert, anstatt sie zu verbrennen.<\/p>\n                <\/dd>\n            <\/div>\n\n        \n            <div class=\"c-faq__single\">\n                <dt class=\"c-faq__single__q\">\n                    <p>Wie und wo werden die Cirmar-Werte von der ISO unterst\u00fctzt?<\/p>\n                    <button>\n                        <i class=\"icon-arrow-down\"><\/i>\n                    <\/button>\n                <\/dt>\n                <dd>\n                    <p>Die Anwendungen von Cirmar unterst\u00fctzen eine breite Palette von Normen. Dazu geh\u00f6ren unter anderem die ISO 14000-Familie f\u00fcr Umweltmanagement und die EN 15804\/ISO 21930 f\u00fcr Umweltproduktdeklarationen (EPDs). Die ISO 14000-Familie deckt ein breites Spektrum von Umweltmanagementnormen ab. Zu diesen Normen geh\u00f6ren ISO\/TC 207\/SC 1 Umweltmanagementsysteme [1], ISO\/TC 207\/SC 3 Umweltkennzeichnung [2], ISO\/TC 207\/SC 4 Umweltleistungsbewertung [3], ISO\/TC 207\/SC 5 Lebenszyklusanalyse [4] und ISO\/TC 207\/SC 6 Treibhausgasmanagement [5]. Bei den Normen der ISO 14000-Familie handelt es sich um (allgemeine) Leitlinien zur Gew\u00e4hrleistung gut eingef\u00fchrter Umweltmanagementsysteme in einer Organisation. Die Anwendungen und Datenbanken von Cirmar erm\u00f6glichen und unterst\u00fctzen die Normung der ISO 14000-Familie, indem sie nicht nur die Umweltauswirkungen von der Komponente bis zum Endprodukt (C_passport\u00a9) verfolgen, weitergeben und offenlegen, sondern auch die Normung einhalten, um die Synchronisation und Koordination zwischen Kreislaufwirtschaft, Normung und Managementsystemen zu gew\u00e4hrleisten.<\/p>\n<ol>\n<li><a href=\"https:\/\/www.iso.org\/committee\/54818\/x\/catalogue\/\">https:\/\/www.iso.org\/committee\/54818\/x\/catalogue\/<\/a><\/li>\n<li><a href=\"https:\/\/www.iso.org\/committee\/54836\/x\/catalogue\/\">https:\/\/www.iso.org\/committee\/54836\/x\/catalogue\/<\/a><\/li>\n<li><a href=\"https:\/\/www.iso.org\/committee\/54846\/x\/catalogue\/\">https:\/\/www.iso.org\/committee\/54846\/x\/catalogue\/<\/a><\/li>\n<li><a href=\"https:\/\/www.iso.org\/committee\/54854\/x\/catalogue\/\">https:\/\/www.iso.org\/committee\/54854\/x\/catalogue\/<\/a><\/li>\n<li><a href=\"https:\/\/www.iso.org\/committee\/546318\/x\/catalogue\/\">https:\/\/www.iso.org\/committee\/546318\/x\/catalogue\/<\/a><\/li>\n<\/ol>\n                <\/dd>\n            <\/div>\n\n        \n            <div class=\"c-faq__single\">\n                <dt class=\"c-faq__single__q\">\n                    <p>Was sind die SDGs? <\/p>\n                    <button>\n                        <i class=\"icon-arrow-down\"><\/i>\n                    <\/button>\n                <\/dt>\n                <dd>\n                    <p>Die SDGs (Sustainable Development Goals) sind eine Reihe von 17 globalen Zielen, die von den Vereinten Nationen im Jahr 2015 festgelegt wurden. Sie bieten einen Rahmen f\u00fcr die Bew\u00e4ltigung verschiedener sozialer, wirtschaftlicher und \u00f6kologischer Herausforderungen, um bis zum Jahr 2030 eine nachhaltigere und gerechtere Welt zu schaffen. Die SDGs bauen auf den Millenniumsentwicklungszielen (MDGs) auf und zielen darauf ab, deren unvollendete Agenda in Angriff zu nehmen und gleichzeitig neue Herausforderungen wie Klimawandel, Ungleichheit und nachhaltigen Konsum einzubeziehen.<\/p>\n<p>Weitere Informationen zu den SDGs finden Sie unter <a href=\"https:\/\/sdgs.un.org\/goals\">https:\/\/sdgs.un.org\/goals<\/a>.<\/p>\n                <\/dd>\n            <\/div>\n\n        \n            <div class=\"c-faq__single\">\n                <dt class=\"c-faq__single__q\">\n                    <p>Warum unterst\u00fctzt Cirmar die SDGs?<\/p>\n                    <button>\n                        <i class=\"icon-arrow-down\"><\/i>\n                    <\/button>\n                <\/dt>\n                <dd>\n                    <p>Es gibt Hunderte von Nachhaltigkeitszertifikaten, Markenzeichen und Bewertungssystemen. So n\u00fctzlich sie auch sein m\u00f6gen, Cirmar ist der Meinung, dass eine gemeinsame Sprache unerl\u00e4sslich ist, um Kreislaufl\u00f6sungen in gro\u00dfem Ma\u00dfstab zu schaffen. Deshalb k\u00f6nnen Sie mit unseren Tools angeben, welche SDGs Sie mit Ihren Produkten und Dienstleistungen unterst\u00fctzen. Die SDGs wurden zuerst von den Vereinten Nationen ausgearbeitet und ver\u00f6ffentlicht und gelten f\u00fcr jeden und alles auf unserem Planeten. Indem Cirmar die Umsetzung der SDGs unterst\u00fctzt, hilft es Ihnen, sinnvolle Schritte zur Verwirklichung dieser weltweiten Ziele zu unternehmen.<\/p>\n                <\/dd>\n            <\/div>\n\n        \n    <\/div>\n<\/section>\n\n\n<section class=\"c-faq__section\">\n    <h2>C_passport\u00ae<\/h2>\n    <div class=\"c-faq\">\n\n        \n            <div class=\"c-faq__single\">\n                <dt class=\"c-faq__single__q\">\n                    <p>Warum sollte ich C_passport\u00ae verwenden?<\/p>\n                    <button>\n                        <i class=\"icon-arrow-down\"><\/i>\n                    <\/button>\n                <\/dt>\n                <dd>\n                    <p>Mit <a href=\"https:\/\/www.cirmar.com\/de\/products-services\/c_passport-3\/\">C_passport\u00ae<\/a> k\u00f6nnen Sie ein detailliertes Schritt-f\u00fcr-Schritt-Verst\u00e4ndnis des Aufbaus Ihrer Produkte, der Montage und der n\u00e4chsten Verwendung erstellen. Sie k\u00f6nnen Anweisungen zur R\u00fcckw\u00e4rtslogistik, Demontage und zum Recycling hinzuf\u00fcgen. Ausgehend von den Eingangsmaterialien und der Behandlung am Ende der Nutzung berechnet das System automatisch die Emissionen. Mit C_passport\u00ae k\u00f6nnen Sie den Grundstein f\u00fcr weitere Kreislaufverbesserungen legen und die End-of-Use-Behandlung Ihres Produkts sicherstellen. Auf diese Weise erhalten Sie Qualit\u00e4t und Wert in einem einzigen, einfach zu bedienenden System.<\/p>\n                <\/dd>\n            <\/div>\n\n        \n            <div class=\"c-faq__single\">\n                <dt class=\"c-faq__single__q\">\n                    <p>Wie kann ich meinen ersten C_passport\u00ae erstellen?<\/p>\n                    <button>\n                        <i class=\"icon-arrow-down\"><\/i>\n                    <\/button>\n                <\/dt>\n                <dd>\n                    <p>Die Erstellung eines digitalen Produktpasses mit Cirmar k\u00f6nnte nicht einfacher sein. Sie k\u00f6nnen sich <a href=\"https:\/\/my.cirmar.com\/signup\">hier<\/a> kostenlos anmelden und C_passport\u00ae ausprobieren. Nachdem Sie ein Konto erstellt haben, k\u00f6nnen Sie sich anmelden, indem Sie den Anweisungen in der E-Mail folgen. Unsere kostenlose Testversion erm\u00f6glicht es Ihnen, zwei P\u00e4sse zu erstellen und zu testen, wie es funktioniert, aussieht und sich anf\u00fchlt. Im Cockpit der Anwendung f\u00fchrt Sie unser Cirmar-Assistent mit einem Video-Tutorial durch die Schritte zur Erstellung Ihres ersten Reisepasses!<\/p>\n<p>Gef\u00e4llt er Ihnen? Sie k\u00f6nnen ganz einfach ein Upgrade durchf\u00fchren, indem Sie \u00fcber die Schaltfl\u00e4che oben rechts einige zus\u00e4tzliche Informationen eingeben. Ben\u00f6tigen Sie etwas mehr Zeit? Sie k\u00f6nnen Ihre kostenlosen Testp\u00e4sse so lange nutzen, wie Sie m\u00f6chten.<\/p>\n                <\/dd>\n            <\/div>\n\n        \n            <div class=\"c-faq__single\">\n                <dt class=\"c-faq__single__q\">\n                    <p>Was ist LCA+?<\/p>\n                    <button>\n                        <i class=\"icon-arrow-down\"><\/i>\n                    <\/button>\n                <\/dt>\n                <dd>\n                    <p>LCA+ (Life Cycle Assessment Plus) ist eine Messmethode f\u00fcr Nachhaltigkeit, bei der Emissionen berechnet werden. Sie stellt eine Erweiterung des Anwendungsbereichs im Vergleich zu regul\u00e4ren Lebenszyklusanalysen (LCA) dar. W\u00e4hrend LCAs oft die Auswirkungen von Produkten von der Wiege bis zur Bahre oder von der Wiege bis zum Kunden betrachten, erweitert LCA+ diesen Bereich auf den ersten Schritt des n\u00e4chsten Nutzungszyklus. Mit anderen Worten: Was ist n\u00f6tig, um genau dasselbe Produkt oder dieselbe Dienstleistung ein zweites Mal herzustellen? Je mehr Materialien Sie recyceln oder aufarbeiten, desto gr\u00f6\u00dfer ist die positive Auswirkung im Vergleich zu einem Produkt, das am Ende eines jeden Nutzungszyklus verbrannt wird. Dieser umfassende Umfang ist daher eine genauere Darstellung der Kreislaufwirtschaft und erm\u00f6glicht die interne und externe Kommunikation der Emissionen von Produkten und Dienstleistungen.<\/p>\n                <\/dd>\n            <\/div>\n\n        \n            <div class=\"c-faq__single\">\n                <dt class=\"c-faq__single__q\">\n                    <p>Wie l\u00e4sst sich LCA+ mit Scope 3 des Greenhouse Gas Protocol (GHG) vergleichen?<\/p>\n                    <button>\n                        <i class=\"icon-arrow-down\"><\/i>\n                    <\/button>\n                <\/dt>\n                <dd>\n                    <p>Scope 3 des GHG-Protokolls konzentriert sich auf Treibhausgasemissionen, in vielen F\u00e4llen nur auf CO2. Dar\u00fcber hinaus befasst sich Scope 3 in erster Linie mit den Auswirkungen des internen Betriebs, des Vertriebs und der Weiterverarbeitung. Hier sind die Auswirkungen der verwendeten Materialien begrenzt und in der genannten Systemgrenze enthalten. Im Wesentlichen ist die Systemgrenze von Scope 3 immer noch recht nah an den eigenen Betriebsabl\u00e4ufen des Unternehmens. Oft, aber nicht immer, wird nur eine vorgelagerte Stufe in den Scope einbezogen.<br \/>\nIm Gegensatz dazu beginnt LCA+ von Cirmar bei der Rohstoffgewinnung und endet am Beginn eines neuen Zyklus mit der gleichen Menge an Material.<\/p>\n                <\/dd>\n            <\/div>\n\n        \n            <div class=\"c-faq__single\">\n                <dt class=\"c-faq__single__q\">\n                    <p>Welche KPIs sind in den technischen Tools von Cirmar enthalten?<\/p>\n                    <button>\n                        <i class=\"icon-arrow-down\"><\/i>\n                    <\/button>\n                <\/dt>\n                <dd>\n                    <p>Die in Cirmar angezeigten KPIs stellen (mit zwei Ausnahmen) die Verbesserungen\/Einsparungen im Vergleich zu Produkten dar, die ausschlie\u00dflich aus neuen Materialien hergestellt und am Ende ihrer Nutzungsdauer verbrannt werden. Die KPIs sind:<br \/>\n&#8211; CO2 (in kg)<br \/>\n&#8211; Wasserverbrauch (in Litern)<br \/>\n&#8211; Energie (in kWh)<br \/>\n&#8211; Eingesparte Rohstoffe (in kg)<br \/>\n&#8211; CO2-Preis (bezogen auf die CO2-Emissionen)<br \/>\n&#8211; Sozialer Return on Investment (manuell auszuf\u00fcllen, in Minuten\/Stunden)<\/p>\n                <\/dd>\n            <\/div>\n\n        \n    <\/div>\n<\/section>\n\n\n<section class=\"c-faq__section\">\n    <h2>C_dashboard\u00ae<\/h2>\n    <div class=\"c-faq\">\n\n        \n            <div class=\"c-faq__single\">\n                <dt class=\"c-faq__single__q\">\n                    <p>Warum sollte ich C_dashboard\u00ae verwenden?<\/p>\n                    <button>\n                        <i class=\"icon-arrow-down\"><\/i>\n                    <\/button>\n                <\/dt>\n                <dd>\n                    <p>Mit <a href=\"https:\/\/www.cirmar.com\/de\/products-services\/c_dashboard-3\/\">C_dashboard\u00ae<\/a> k\u00f6nnen Sie einen \u00dcberblick \u00fcber Ihre Fortschritte und Ergebnisse erstellen. Sie k\u00f6nnen dies f\u00fcr ein oder mehrere Produkte tun. Quantifizieren Sie Kosten, Einnahmen und positive Auswirkungen. Pr\u00e4sentieren und kommunizieren Sie die Ergebnisse Ihres zirkul\u00e4ren \u00dcbergangsprozesses und beeindrucken Sie Ihre Kunden mit Wirkungsdaten auf einen Blick.<\/p>\n                <\/dd>\n            <\/div>\n\n        \n    <\/div>\n<\/section>\n\n\n<section class=\"c-faq__section\">\n    <h2>Daten<\/h2>\n    <div class=\"c-faq\">\n\n        \n            <div class=\"c-faq__single\">\n                <dt class=\"c-faq__single__q\">\n                    <p>Woher kommen die Wirkungszahlen von Cirmar?<\/p>\n                    <button>\n                        <i class=\"icon-arrow-down\"><\/i>\n                    <\/button>\n                <\/dt>\n                <dd>\n                    <ul>\n<li>Die Wirkungszahlen werden auf Basis der angegebenen Gewichte im <a href=\"https:\/\/www.cirmar.com\/de\/products-services\/c_passport-3\/\">C_passport\u00ae<\/a> berechnet.<\/li>\n<li>Die Zahlen, mit denen wir rechnen, stammen aus einer weltweiten Datenbank mit Durchschnittswerten, die von Wissensinstituten anerkannt und validiert sind.<\/li>\n<li>Wenn ein Unternehmen ein bestimmtes Material verwendet, dessen Auswirkungen erheblich von den Durchschnittswerten abweichen (geringer sind), wird dieses Material separat in die Cirmar-Datenbank aufgenommen (mit spezifischem Namen, Marke und abweichenden Auswirkungen).<\/li>\n<li>Wenn Inputmaterial recycelt wird, erh\u00e4lt es einen erkennbaren Namen und die damit verbundenen Auswirkungen der Verwendung dieses Materials sind geringer.<\/li>\n<li>Wenn die Endbehandlung eines Produkts oder Materials in der Verbrennung erfolgt, wird dadurch ein gewisser Energieertrag erzeugt, der die Gesamtenergiebelastung verringert. Die Folge ist jedoch, dass die CO<sub>2<\/sub>-Belastung zunimmt und Materialien verloren gehen.<\/li>\n<li>Wenn es sich bei der Endbehandlung eines Produkts oder Materials um Recycling oder Aufarbeitung handelt, werden die zugeh\u00f6rigen Auswirkungszahlen f\u00fcr diese Prozesse zur Gesamtauswirkung eines Produkts addiert. Da jedoch (abh\u00e4ngig von der Wirksamkeit dieser Prozesse) nur ein geringer Anteil an neuem Material f\u00fcr den n\u00e4chsten Nutzungszyklus ben\u00f6tigt wird (sagen wir 10 Prozent), wird f\u00fcr den n\u00e4chsten Nutzungszyklus viel weniger neues Material ben\u00f6tigt, was wiederum dazu f\u00fchrt, dass die Gesamtwirkungszahlen sinken.<\/li>\n<\/ul>\n                <\/dd>\n            <\/div>\n\n        \n    <\/div>\n<\/section>\n\n\n<section class=\"c-faq__section\">\n    <h2>Preise<\/h2>\n    <div class=\"c-faq\">\n\n        \n            <div class=\"c-faq__single\">\n                <dt class=\"c-faq__single__q\">\n                    <p>Was kostet Cirmar?<\/p>\n                    <button>\n                        <i class=\"icon-arrow-down\"><\/i>\n                    <\/button>\n                <\/dt>\n                <dd>\n                    <p>Die Kosten f\u00fcr die Nutzung von Cirmar h\u00e4ngen von der Anzahl der P\u00e4sse ab, die Sie aktiv nutzen, sowie von der Anzahl der Benutzer. Einfach ausgedr\u00fcckt: Je mehr P\u00e4sse Sie erstellen, desto g\u00fcnstiger wird jeder C_passport\u00ae. Detaillierte Informationen zu Preisen und Abrechnung finden Sie auf unserer <a href=\"https:\/\/www.cirmar.com\/de\/preise\/\">Preisseite.<\/a><\/p>\n                <\/dd>\n            <\/div>\n\n        \n    <\/div>\n<\/section>","protected":false},"excerpt":{"rendered":"","protected":false},"author":2,"featured_media":0,"parent":0,"menu_order":0,"comment_status":"closed","ping_status":"closed","template":"templates\/template-faq.php","meta":{"footnotes":""},"acf":[],"yoast_head":"<!-- This site is optimized with the Yoast SEO plugin v22.1 - https:\/\/yoast.com\/wordpress\/plugins\/seo\/ -->\n<title>FAQ - Cirmar<\/title>\n<meta name=\"description\" content=\"Hier finden Sie die Antwort auf Ihre Fragen zu Kreislaufwirtschaft, Nachhaltigkeit und den Tech Tools von Cimar!\" \/>\n<meta name=\"robots\" content=\"noindex, follow, max-snippet:-1, max-image-preview:large, max-video-preview:-1\" \/>\n<meta property=\"og:locale\" content=\"de_DE\" \/>\n<meta property=\"og:type\" content=\"article\" \/>\n<meta property=\"og:title\" content=\"FAQ - Cirmar\" \/>\n<meta property=\"og:description\" content=\"Hier finden Sie die Antwort auf Ihre Fragen zu Kreislaufwirtschaft, Nachhaltigkeit und den Tech Tools von Cimar!\" \/>\n<meta property=\"og:url\" content=\"https:\/\/cirmar.wp-acc.unframed.app\/faq\/\" \/>\n<meta property=\"og:site_name\" content=\"Cirmar\" \/>\n<meta property=\"article:modified_time\" content=\"2023-07-25T12:29:11+00:00\" \/>\n<meta name=\"twitter:card\" content=\"summary_large_image\" \/>\n<meta name=\"twitter:label1\" content=\"Est. reading time\" \/>\n\t<meta name=\"twitter:data1\" content=\"1 minute\" \/>\n<script type=\"application\/ld+json\" class=\"yoast-schema-graph\">{\"@context\":\"https:\/\/schema.org\",\"@graph\":[{\"@type\":\"WebPage\",\"@id\":\"https:\/\/cirmar.wp-acc.unframed.app\/faq\/\",\"url\":\"https:\/\/cirmar.wp-acc.unframed.app\/faq\/\",\"name\":\"FAQ - Cirmar\",\"isPartOf\":{\"@id\":\"https:\/\/cirmar.wp-acc.unframed.app\/#website\"},\"datePublished\":\"2023-06-29T12:11:14+00:00\",\"dateModified\":\"2023-07-25T12:29:11+00:00\",\"description\":\"Hier finden Sie die Antwort auf Ihre Fragen zu Kreislaufwirtschaft, Nachhaltigkeit und den Tech Tools von Cimar!\",\"breadcrumb\":{\"@id\":\"https:\/\/cirmar.wp-acc.unframed.app\/faq\/#breadcrumb\"},\"inLanguage\":\"de-DE\",\"potentialAction\":[{\"@type\":\"ReadAction\",\"target\":[\"https:\/\/cirmar.wp-acc.unframed.app\/faq\/\"]}]},{\"@type\":\"BreadcrumbList\",\"@id\":\"https:\/\/cirmar.wp-acc.unframed.app\/faq\/#breadcrumb\",\"itemListElement\":[{\"@type\":\"ListItem\",\"position\":1,\"name\":\"Cirmar\",\"item\":\"https:\/\/cirmar.wp-acc.unframed.app\/de\/\"},{\"@type\":\"ListItem\",\"position\":2,\"name\":\"FAQ\"}]},{\"@type\":\"WebSite\",\"@id\":\"https:\/\/cirmar.wp-acc.unframed.app\/#website\",\"url\":\"https:\/\/cirmar.wp-acc.unframed.app\/\",\"name\":\"Cirmar\",\"description\":\"The Digital Product Passport\",\"publisher\":{\"@id\":\"https:\/\/cirmar.wp-acc.unframed.app\/#organization\"},\"potentialAction\":[{\"@type\":\"SearchAction\",\"target\":{\"@type\":\"EntryPoint\",\"urlTemplate\":\"https:\/\/cirmar.wp-acc.unframed.app\/?s={search_term_string}\"},\"query-input\":\"required name=search_term_string\"}],\"inLanguage\":\"de-DE\"},{\"@type\":\"Organization\",\"@id\":\"https:\/\/cirmar.wp-acc.unframed.app\/#organization\",\"name\":\"Cirmar\",\"url\":\"https:\/\/cirmar.wp-acc.unframed.app\/\",\"logo\":{\"@type\":\"ImageObject\",\"inLanguage\":\"de-DE\",\"@id\":\"https:\/\/cirmar.wp-acc.unframed.app\/#\/schema\/logo\/image\/\",\"url\":\"https:\/\/www.cirmar.com\/wp-content\/uploads\/2021\/09\/Group-14.png\",\"contentUrl\":\"https:\/\/www.cirmar.com\/wp-content\/uploads\/2021\/09\/Group-14.png\",\"width\":233,\"height\":95,\"caption\":\"Cirmar\"},\"image\":{\"@id\":\"https:\/\/cirmar.wp-acc.unframed.app\/#\/schema\/logo\/image\/\"}}]}<\/script>\n<!-- \/ Yoast SEO plugin. -->","yoast_head_json":{"title":"FAQ - Cirmar","description":"Hier finden Sie die Antwort auf Ihre Fragen zu Kreislaufwirtschaft, Nachhaltigkeit und den Tech Tools von Cimar!","robots":{"index":"noindex","follow":"follow","max-snippet":"max-snippet:-1","max-image-preview":"max-image-preview:large","max-video-preview":"max-video-preview:-1"},"og_locale":"de_DE","og_type":"article","og_title":"FAQ - Cirmar","og_description":"Hier finden Sie die Antwort auf Ihre Fragen zu Kreislaufwirtschaft, Nachhaltigkeit und den Tech Tools von Cimar!","og_url":"https:\/\/cirmar.wp-acc.unframed.app\/faq\/","og_site_name":"Cirmar","article_modified_time":"2023-07-25T12:29:11+00:00","twitter_card":"summary_large_image","twitter_misc":{"Est. reading time":"1 minute"},"schema":{"@context":"https:\/\/schema.org","@graph":[{"@type":"WebPage","@id":"https:\/\/cirmar.wp-acc.unframed.app\/faq\/","url":"https:\/\/cirmar.wp-acc.unframed.app\/faq\/","name":"FAQ - Cirmar","isPartOf":{"@id":"https:\/\/cirmar.wp-acc.unframed.app\/#website"},"datePublished":"2023-06-29T12:11:14+00:00","dateModified":"2023-07-25T12:29:11+00:00","description":"Hier finden Sie die Antwort auf Ihre Fragen zu Kreislaufwirtschaft, Nachhaltigkeit und den Tech Tools von Cimar!","breadcrumb":{"@id":"https:\/\/cirmar.wp-acc.unframed.app\/faq\/#breadcrumb"},"inLanguage":"de-DE","potentialAction":[{"@type":"ReadAction","target":["https:\/\/cirmar.wp-acc.unframed.app\/faq\/"]}]},{"@type":"BreadcrumbList","@id":"https:\/\/cirmar.wp-acc.unframed.app\/faq\/#breadcrumb","itemListElement":[{"@type":"ListItem","position":1,"name":"Cirmar","item":"https:\/\/cirmar.wp-acc.unframed.app\/de\/"},{"@type":"ListItem","position":2,"name":"FAQ"}]},{"@type":"WebSite","@id":"https:\/\/cirmar.wp-acc.unframed.app\/#website","url":"https:\/\/cirmar.wp-acc.unframed.app\/","name":"Cirmar","description":"The Digital Product Passport","publisher":{"@id":"https:\/\/cirmar.wp-acc.unframed.app\/#organization"},"potentialAction":[{"@type":"SearchAction","target":{"@type":"EntryPoint","urlTemplate":"https:\/\/cirmar.wp-acc.unframed.app\/?s={search_term_string}"},"query-input":"required name=search_term_string"}],"inLanguage":"de-DE"},{"@type":"Organization","@id":"https:\/\/cirmar.wp-acc.unframed.app\/#organization","name":"Cirmar","url":"https:\/\/cirmar.wp-acc.unframed.app\/","logo":{"@type":"ImageObject","inLanguage":"de-DE","@id":"https:\/\/cirmar.wp-acc.unframed.app\/#\/schema\/logo\/image\/","url":"https:\/\/www.cirmar.com\/wp-content\/uploads\/2021\/09\/Group-14.png","contentUrl":"https:\/\/www.cirmar.com\/wp-content\/uploads\/2021\/09\/Group-14.png","width":233,"height":95,"caption":"Cirmar"},"image":{"@id":"https:\/\/cirmar.wp-acc.unframed.app\/#\/schema\/logo\/image\/"}}]}},"_links":{"self":[{"href":"https:\/\/cirmar.wp-acc.unframed.app\/de\/wp-json\/wp\/v2\/pages\/2469"}],"collection":[{"href":"https:\/\/cirmar.wp-acc.unframed.app\/de\/wp-json\/wp\/v2\/pages"}],"about":[{"href":"https:\/\/cirmar.wp-acc.unframed.app\/de\/wp-json\/wp\/v2\/types\/page"}],"author":[{"embeddable":true,"href":"https:\/\/cirmar.wp-acc.unframed.app\/de\/wp-json\/wp\/v2\/users\/2"}],"replies":[{"embeddable":true,"href":"https:\/\/cirmar.wp-acc.unframed.app\/de\/wp-json\/wp\/v2\/comments?post=2469"}],"version-history":[{"count":10,"href":"https:\/\/cirmar.wp-acc.unframed.app\/de\/wp-json\/wp\/v2\/pages\/2469\/revisions"}],"predecessor-version":[{"id":2582,"href":"https:\/\/cirmar.wp-acc.unframed.app\/de\/wp-json\/wp\/v2\/pages\/2469\/revisions\/2582"}],"wp:attachment":[{"href":"https:\/\/cirmar.wp-acc.unframed.app\/de\/wp-json\/wp\/v2\/media?parent=2469"}],"curies":[{"name":"wp","href":"https:\/\/api.w.org\/{rel}","templated":true}]}}