{"id":2241,"date":"2023-06-26T09:18:49","date_gmt":"2023-06-26T07:18:49","guid":{"rendered":"https:\/\/www.cirmar.com\/?page_id=2241"},"modified":"2023-07-25T12:51:25","modified_gmt":"2023-07-25T10:51:25","slug":"preise","status":"publish","type":"page","link":"https:\/\/cirmar.wp-acc.unframed.app\/de\/preise\/","title":{"rendered":"Preise"},"content":{"rendered":"\n<h3 class=\"wp-block-heading\">Auf dieser Seite finden Sie die Preise unserer Tech Tools. Hier gibt es keine Geheimnisse.<\/h3>\n\n\n\n<p>Der digitale Produktpass muss f\u00fcr kleine und gro\u00dfe Unternehmen zug\u00e4nglich sein. Deshalb k\u00f6nnen Sie bereits mit ein paar P\u00e4ssen beginnen. C_dashboard\u00ae ist standardm\u00e4\u00dfig enthalten, mit dem Sie die Auswirkungen mehrerer P\u00e4sse einfach kommunizieren k\u00f6nnen. M\u00f6chten Sie das gesamte Sortiment in C_passport\u00ae erfassen? <strong>Je mehr P\u00e4sse Sie verwenden, desto weniger zahlen Sie pro Produktpass.<\/strong><\/p>\n","protected":false},"excerpt":{"rendered":"<p>Auf dieser Seite finden Sie die Preise unserer Tech Tools. Hier gibt es keine Geheimnisse. Der digitale Produktpass muss f\u00fcr kleine und gro\u00dfe Unternehmen zug\u00e4nglich sein. Deshalb k\u00f6nnen Sie bereits mit ein paar P\u00e4ssen beginnen. C_dashboard\u00ae ist standardm\u00e4\u00dfig enthalten, mit dem Sie die Auswirkungen mehrerer P\u00e4sse einfach kommunizieren k\u00f6nnen. M\u00f6chten Sie das gesamte Sortiment in&#8230;<\/p>\n","protected":false},"author":2,"featured_media":0,"parent":0,"menu_order":0,"comment_status":"closed","ping_status":"closed","template":"templates\/template-pricing.php","meta":{"footnotes":""},"acf":[],"yoast_head":"<!-- This site is optimized with the Yoast SEO plugin v22.1 - https:\/\/yoast.com\/wordpress\/plugins\/seo\/ -->\n<title>Preise - Cirmar<\/title>\n<meta name=\"description\" content=\"Die Preise bei Cirmar sind sehr einfach: Sie zahlen, was Sie verbrauchen. Deshalb k\u00f6nnen Sie auf dieser Seite alles \u00fcber unsere Preise lesen.\" \/>\n<meta name=\"robots\" content=\"noindex, follow, max-snippet:-1, max-image-preview:large, max-video-preview:-1\" \/>\n<meta property=\"og:locale\" content=\"de_DE\" \/>\n<meta property=\"og:type\" content=\"article\" \/>\n<meta property=\"og:title\" content=\"Preise - Cirmar\" \/>\n<meta property=\"og:description\" content=\"Die Preise bei Cirmar sind sehr einfach: Sie zahlen, was Sie verbrauchen. Deshalb k\u00f6nnen Sie auf dieser Seite alles \u00fcber unsere Preise lesen.\" \/>\n<meta property=\"og:url\" content=\"https:\/\/cirmar.wp-acc.unframed.app\/pricing-2\/\" \/>\n<meta property=\"og:site_name\" content=\"Cirmar\" \/>\n<meta property=\"article:modified_time\" content=\"2023-07-25T10:51:25+00:00\" \/>\n<meta name=\"twitter:card\" content=\"summary_large_image\" \/>\n<meta name=\"twitter:label1\" content=\"Est. reading time\" \/>\n\t<meta name=\"twitter:data1\" content=\"1 minute\" \/>\n<script type=\"application\/ld+json\" class=\"yoast-schema-graph\">{\"@context\":\"https:\/\/schema.org\",\"@graph\":[{\"@type\":\"WebPage\",\"@id\":\"https:\/\/cirmar.wp-acc.unframed.app\/pricing-2\/\",\"url\":\"https:\/\/cirmar.wp-acc.unframed.app\/pricing-2\/\",\"name\":\"Preise - Cirmar\",\"isPartOf\":{\"@id\":\"https:\/\/cirmar.wp-acc.unframed.app\/#website\"},\"datePublished\":\"2023-06-26T07:18:49+00:00\",\"dateModified\":\"2023-07-25T10:51:25+00:00\",\"description\":\"Die Preise bei Cirmar sind sehr einfach: Sie zahlen, was Sie verbrauchen. Deshalb k\u00f6nnen Sie auf dieser Seite alles \u00fcber unsere Preise lesen.\",\"breadcrumb\":{\"@id\":\"https:\/\/cirmar.wp-acc.unframed.app\/pricing-2\/#breadcrumb\"},\"inLanguage\":\"de-DE\",\"potentialAction\":[{\"@type\":\"ReadAction\",\"target\":[\"https:\/\/cirmar.wp-acc.unframed.app\/pricing-2\/\"]}]},{\"@type\":\"BreadcrumbList\",\"@id\":\"https:\/\/cirmar.wp-acc.unframed.app\/pricing-2\/#breadcrumb\",\"itemListElement\":[{\"@type\":\"ListItem\",\"position\":1,\"name\":\"Cirmar\",\"item\":\"https:\/\/cirmar.wp-acc.unframed.app\/de\/\"},{\"@type\":\"ListItem\",\"position\":2,\"name\":\"Preise\"}]},{\"@type\":\"WebSite\",\"@id\":\"https:\/\/cirmar.wp-acc.unframed.app\/#website\",\"url\":\"https:\/\/cirmar.wp-acc.unframed.app\/\",\"name\":\"Cirmar\",\"description\":\"The Digital Product Passport\",\"publisher\":{\"@id\":\"https:\/\/cirmar.wp-acc.unframed.app\/#organization\"},\"potentialAction\":[{\"@type\":\"SearchAction\",\"target\":{\"@type\":\"EntryPoint\",\"urlTemplate\":\"https:\/\/cirmar.wp-acc.unframed.app\/?s={search_term_string}\"},\"query-input\":\"required name=search_term_string\"}],\"inLanguage\":\"de-DE\"},{\"@type\":\"Organization\",\"@id\":\"https:\/\/cirmar.wp-acc.unframed.app\/#organization\",\"name\":\"Cirmar\",\"url\":\"https:\/\/cirmar.wp-acc.unframed.app\/\",\"logo\":{\"@type\":\"ImageObject\",\"inLanguage\":\"de-DE\",\"@id\":\"https:\/\/cirmar.wp-acc.unframed.app\/#\/schema\/logo\/image\/\",\"url\":\"https:\/\/www.cirmar.com\/wp-content\/uploads\/2021\/09\/Group-14.png\",\"contentUrl\":\"https:\/\/www.cirmar.com\/wp-content\/uploads\/2021\/09\/Group-14.png\",\"width\":233,\"height\":95,\"caption\":\"Cirmar\"},\"image\":{\"@id\":\"https:\/\/cirmar.wp-acc.unframed.app\/#\/schema\/logo\/image\/\"}}]}<\/script>\n<!-- \/ Yoast SEO plugin. -->","yoast_head_json":{"title":"Preise - Cirmar","description":"Die Preise bei Cirmar sind sehr einfach: Sie zahlen, was Sie verbrauchen. Deshalb k\u00f6nnen Sie auf dieser Seite alles \u00fcber unsere Preise lesen.","robots":{"index":"noindex","follow":"follow","max-snippet":"max-snippet:-1","max-image-preview":"max-image-preview:large","max-video-preview":"max-video-preview:-1"},"og_locale":"de_DE","og_type":"article","og_title":"Preise - Cirmar","og_description":"Die Preise bei Cirmar sind sehr einfach: Sie zahlen, was Sie verbrauchen. Deshalb k\u00f6nnen Sie auf dieser Seite alles \u00fcber unsere Preise lesen.","og_url":"https:\/\/cirmar.wp-acc.unframed.app\/pricing-2\/","og_site_name":"Cirmar","article_modified_time":"2023-07-25T10:51:25+00:00","twitter_card":"summary_large_image","twitter_misc":{"Est. reading time":"1 minute"},"schema":{"@context":"https:\/\/schema.org","@graph":[{"@type":"WebPage","@id":"https:\/\/cirmar.wp-acc.unframed.app\/pricing-2\/","url":"https:\/\/cirmar.wp-acc.unframed.app\/pricing-2\/","name":"Preise - Cirmar","isPartOf":{"@id":"https:\/\/cirmar.wp-acc.unframed.app\/#website"},"datePublished":"2023-06-26T07:18:49+00:00","dateModified":"2023-07-25T10:51:25+00:00","description":"Die Preise bei Cirmar sind sehr einfach: Sie zahlen, was Sie verbrauchen. Deshalb k\u00f6nnen Sie auf dieser Seite alles \u00fcber unsere Preise lesen.","breadcrumb":{"@id":"https:\/\/cirmar.wp-acc.unframed.app\/pricing-2\/#breadcrumb"},"inLanguage":"de-DE","potentialAction":[{"@type":"ReadAction","target":["https:\/\/cirmar.wp-acc.unframed.app\/pricing-2\/"]}]},{"@type":"BreadcrumbList","@id":"https:\/\/cirmar.wp-acc.unframed.app\/pricing-2\/#breadcrumb","itemListElement":[{"@type":"ListItem","position":1,"name":"Cirmar","item":"https:\/\/cirmar.wp-acc.unframed.app\/de\/"},{"@type":"ListItem","position":2,"name":"Preise"}]},{"@type":"WebSite","@id":"https:\/\/cirmar.wp-acc.unframed.app\/#website","url":"https:\/\/cirmar.wp-acc.unframed.app\/","name":"Cirmar","description":"The Digital Product Passport","publisher":{"@id":"https:\/\/cirmar.wp-acc.unframed.app\/#organization"},"potentialAction":[{"@type":"SearchAction","target":{"@type":"EntryPoint","urlTemplate":"https:\/\/cirmar.wp-acc.unframed.app\/?s={search_term_string}"},"query-input":"required name=search_term_string"}],"inLanguage":"de-DE"},{"@type":"Organization","@id":"https:\/\/cirmar.wp-acc.unframed.app\/#organization","name":"Cirmar","url":"https:\/\/cirmar.wp-acc.unframed.app\/","logo":{"@type":"ImageObject","inLanguage":"de-DE","@id":"https:\/\/cirmar.wp-acc.unframed.app\/#\/schema\/logo\/image\/","url":"https:\/\/www.cirmar.com\/wp-content\/uploads\/2021\/09\/Group-14.png","contentUrl":"https:\/\/www.cirmar.com\/wp-content\/uploads\/2021\/09\/Group-14.png","width":233,"height":95,"caption":"Cirmar"},"image":{"@id":"https:\/\/cirmar.wp-acc.unframed.app\/#\/schema\/logo\/image\/"}}]}},"_links":{"self":[{"href":"https:\/\/cirmar.wp-acc.unframed.app\/de\/wp-json\/wp\/v2\/pages\/2241"}],"collection":[{"href":"https:\/\/cirmar.wp-acc.unframed.app\/de\/wp-json\/wp\/v2\/pages"}],"about":[{"href":"https:\/\/cirmar.wp-acc.unframed.app\/de\/wp-json\/wp\/v2\/types\/page"}],"author":[{"embeddable":true,"href":"https:\/\/cirmar.wp-acc.unframed.app\/de\/wp-json\/wp\/v2\/users\/2"}],"replies":[{"embeddable":true,"href":"https:\/\/cirmar.wp-acc.unframed.app\/de\/wp-json\/wp\/v2\/comments?post=2241"}],"version-history":[{"count":11,"href":"https:\/\/cirmar.wp-acc.unframed.app\/de\/wp-json\/wp\/v2\/pages\/2241\/revisions"}],"predecessor-version":[{"id":2563,"href":"https:\/\/cirmar.wp-acc.unframed.app\/de\/wp-json\/wp\/v2\/pages\/2241\/revisions\/2563"}],"wp:attachment":[{"href":"https:\/\/cirmar.wp-acc.unframed.app\/de\/wp-json\/wp\/v2\/media?parent=2241"}],"curies":[{"name":"wp","href":"https:\/\/api.w.org\/{rel}","templated":true}]}}