{"id":1114,"date":"2022-04-22T15:14:11","date_gmt":"2022-04-22T13:14:11","guid":{"rendered":"https:\/\/www.cirmar.com\/general-terms-privacy-statements\/"},"modified":"2023-07-13T14:31:29","modified_gmt":"2023-07-13T12:31:29","slug":"general-terms-privacy-statements","status":"publish","type":"page","link":"https:\/\/cirmar.wp-acc.unframed.app\/de\/general-terms-privacy-statements\/","title":{"rendered":"Allgemeine Gesch\u00e4ftsbedingungen, Datenschutzerkl\u00e4rungen und Impressum"},"content":{"rendered":"\n<p>Die allgemeine Gesch\u00e4ftsbedingungen finden Sie <a href=\"https:\/\/www.cirmar.com\/wp-content\/uploads\/2022\/08\/220805_Online_Geschaftsbedingungen_Cirmar.pdf\" target=\"_blank\" rel=\"noreferrer noopener\">hier<\/a>.<\/p>\n\n\n\n<p>Die Datenschutzerkl\u00e4rung finden Sie <a href=\"https:\/\/www.cirmar.com\/wp-content\/uploads\/2022\/08\/220508_DATENSCHUTZERKLARUNG_CIRMAR_DEU.pdf\" target=\"_blank\" rel=\"noreferrer noopener\">hier<\/a>.<\/p>\n\n\n\n<p>Das Impressum finden Sie <a href=\"https:\/\/www.cirmar.com\/wp-content\/uploads\/2022\/08\/220805_CIRMAR_IMPRESSUM_DE.pdf\" target=\"_blank\" rel=\"noreferrer noopener\">hier<\/a>.<\/p>\n","protected":false},"excerpt":{"rendered":"<p>Die allgemeine Gesch\u00e4ftsbedingungen finden Sie hier. Die Datenschutzerkl\u00e4rung finden Sie hier. Das Impressum finden Sie hier.<\/p>\n","protected":false},"author":3,"featured_media":0,"parent":0,"menu_order":0,"comment_status":"closed","ping_status":"closed","template":"","meta":{"footnotes":""},"acf":[],"yoast_head":"<!-- This site is optimized with the Yoast SEO plugin v22.1 - https:\/\/yoast.com\/wordpress\/plugins\/seo\/ -->\n<title>Allgemeine Gesch\u00e4ftsbedingungen, Datenschutzerkl\u00e4rungen und Impressum - Cirmar<\/title>\n<meta name=\"robots\" content=\"noindex, follow, max-snippet:-1, max-image-preview:large, max-video-preview:-1\" \/>\n<meta property=\"og:locale\" content=\"de_DE\" \/>\n<meta property=\"og:type\" content=\"article\" \/>\n<meta property=\"og:title\" content=\"Allgemeine Gesch\u00e4ftsbedingungen, Datenschutzerkl\u00e4rungen und Impressum - Cirmar\" \/>\n<meta property=\"og:description\" content=\"Die allgemeine Gesch\u00e4ftsbedingungen finden Sie hier. Die Datenschutzerkl\u00e4rung finden Sie hier. Das Impressum finden Sie hier.\" \/>\n<meta property=\"og:url\" content=\"https:\/\/cirmar.wp-acc.unframed.app\/general-terms-privacy-statements\/\" \/>\n<meta property=\"og:site_name\" content=\"Cirmar\" \/>\n<meta property=\"article:modified_time\" content=\"2023-07-13T12:31:29+00:00\" \/>\n<meta name=\"twitter:card\" content=\"summary_large_image\" \/>\n<meta name=\"twitter:label1\" content=\"Est. reading time\" \/>\n\t<meta name=\"twitter:data1\" content=\"1 minute\" \/>\n<script type=\"application\/ld+json\" class=\"yoast-schema-graph\">{\"@context\":\"https:\/\/schema.org\",\"@graph\":[{\"@type\":\"WebPage\",\"@id\":\"https:\/\/cirmar.wp-acc.unframed.app\/general-terms-privacy-statements\/\",\"url\":\"https:\/\/cirmar.wp-acc.unframed.app\/general-terms-privacy-statements\/\",\"name\":\"Allgemeine Gesch\u00e4ftsbedingungen, Datenschutzerkl\u00e4rungen und Impressum - Cirmar\",\"isPartOf\":{\"@id\":\"https:\/\/cirmar.wp-acc.unframed.app\/#website\"},\"datePublished\":\"2022-04-22T13:14:11+00:00\",\"dateModified\":\"2023-07-13T12:31:29+00:00\",\"breadcrumb\":{\"@id\":\"https:\/\/cirmar.wp-acc.unframed.app\/general-terms-privacy-statements\/#breadcrumb\"},\"inLanguage\":\"de-DE\",\"potentialAction\":[{\"@type\":\"ReadAction\",\"target\":[\"https:\/\/cirmar.wp-acc.unframed.app\/general-terms-privacy-statements\/\"]}]},{\"@type\":\"BreadcrumbList\",\"@id\":\"https:\/\/cirmar.wp-acc.unframed.app\/general-terms-privacy-statements\/#breadcrumb\",\"itemListElement\":[{\"@type\":\"ListItem\",\"position\":1,\"name\":\"Cirmar\",\"item\":\"https:\/\/cirmar.wp-acc.unframed.app\/de\/\"},{\"@type\":\"ListItem\",\"position\":2,\"name\":\"Allgemeine Gesch\u00e4ftsbedingungen, Datenschutzerkl\u00e4rungen und Impressum\"}]},{\"@type\":\"WebSite\",\"@id\":\"https:\/\/cirmar.wp-acc.unframed.app\/#website\",\"url\":\"https:\/\/cirmar.wp-acc.unframed.app\/\",\"name\":\"Cirmar\",\"description\":\"The Digital Product Passport\",\"publisher\":{\"@id\":\"https:\/\/cirmar.wp-acc.unframed.app\/#organization\"},\"potentialAction\":[{\"@type\":\"SearchAction\",\"target\":{\"@type\":\"EntryPoint\",\"urlTemplate\":\"https:\/\/cirmar.wp-acc.unframed.app\/?s={search_term_string}\"},\"query-input\":\"required name=search_term_string\"}],\"inLanguage\":\"de-DE\"},{\"@type\":\"Organization\",\"@id\":\"https:\/\/cirmar.wp-acc.unframed.app\/#organization\",\"name\":\"Cirmar\",\"url\":\"https:\/\/cirmar.wp-acc.unframed.app\/\",\"logo\":{\"@type\":\"ImageObject\",\"inLanguage\":\"de-DE\",\"@id\":\"https:\/\/cirmar.wp-acc.unframed.app\/#\/schema\/logo\/image\/\",\"url\":\"https:\/\/www.cirmar.com\/wp-content\/uploads\/2021\/09\/Group-14.png\",\"contentUrl\":\"https:\/\/www.cirmar.com\/wp-content\/uploads\/2021\/09\/Group-14.png\",\"width\":233,\"height\":95,\"caption\":\"Cirmar\"},\"image\":{\"@id\":\"https:\/\/cirmar.wp-acc.unframed.app\/#\/schema\/logo\/image\/\"}}]}<\/script>\n<!-- \/ Yoast SEO plugin. -->","yoast_head_json":{"title":"Allgemeine Gesch\u00e4ftsbedingungen, Datenschutzerkl\u00e4rungen und Impressum - Cirmar","robots":{"index":"noindex","follow":"follow","max-snippet":"max-snippet:-1","max-image-preview":"max-image-preview:large","max-video-preview":"max-video-preview:-1"},"og_locale":"de_DE","og_type":"article","og_title":"Allgemeine Gesch\u00e4ftsbedingungen, Datenschutzerkl\u00e4rungen und Impressum - Cirmar","og_description":"Die allgemeine Gesch\u00e4ftsbedingungen finden Sie hier. Die Datenschutzerkl\u00e4rung finden Sie hier. Das Impressum finden Sie hier.","og_url":"https:\/\/cirmar.wp-acc.unframed.app\/general-terms-privacy-statements\/","og_site_name":"Cirmar","article_modified_time":"2023-07-13T12:31:29+00:00","twitter_card":"summary_large_image","twitter_misc":{"Est. reading time":"1 minute"},"schema":{"@context":"https:\/\/schema.org","@graph":[{"@type":"WebPage","@id":"https:\/\/cirmar.wp-acc.unframed.app\/general-terms-privacy-statements\/","url":"https:\/\/cirmar.wp-acc.unframed.app\/general-terms-privacy-statements\/","name":"Allgemeine Gesch\u00e4ftsbedingungen, Datenschutzerkl\u00e4rungen und Impressum - Cirmar","isPartOf":{"@id":"https:\/\/cirmar.wp-acc.unframed.app\/#website"},"datePublished":"2022-04-22T13:14:11+00:00","dateModified":"2023-07-13T12:31:29+00:00","breadcrumb":{"@id":"https:\/\/cirmar.wp-acc.unframed.app\/general-terms-privacy-statements\/#breadcrumb"},"inLanguage":"de-DE","potentialAction":[{"@type":"ReadAction","target":["https:\/\/cirmar.wp-acc.unframed.app\/general-terms-privacy-statements\/"]}]},{"@type":"BreadcrumbList","@id":"https:\/\/cirmar.wp-acc.unframed.app\/general-terms-privacy-statements\/#breadcrumb","itemListElement":[{"@type":"ListItem","position":1,"name":"Cirmar","item":"https:\/\/cirmar.wp-acc.unframed.app\/de\/"},{"@type":"ListItem","position":2,"name":"Allgemeine Gesch\u00e4ftsbedingungen, Datenschutzerkl\u00e4rungen und Impressum"}]},{"@type":"WebSite","@id":"https:\/\/cirmar.wp-acc.unframed.app\/#website","url":"https:\/\/cirmar.wp-acc.unframed.app\/","name":"Cirmar","description":"The Digital Product Passport","publisher":{"@id":"https:\/\/cirmar.wp-acc.unframed.app\/#organization"},"potentialAction":[{"@type":"SearchAction","target":{"@type":"EntryPoint","urlTemplate":"https:\/\/cirmar.wp-acc.unframed.app\/?s={search_term_string}"},"query-input":"required name=search_term_string"}],"inLanguage":"de-DE"},{"@type":"Organization","@id":"https:\/\/cirmar.wp-acc.unframed.app\/#organization","name":"Cirmar","url":"https:\/\/cirmar.wp-acc.unframed.app\/","logo":{"@type":"ImageObject","inLanguage":"de-DE","@id":"https:\/\/cirmar.wp-acc.unframed.app\/#\/schema\/logo\/image\/","url":"https:\/\/www.cirmar.com\/wp-content\/uploads\/2021\/09\/Group-14.png","contentUrl":"https:\/\/www.cirmar.com\/wp-content\/uploads\/2021\/09\/Group-14.png","width":233,"height":95,"caption":"Cirmar"},"image":{"@id":"https:\/\/cirmar.wp-acc.unframed.app\/#\/schema\/logo\/image\/"}}]}},"_links":{"self":[{"href":"https:\/\/cirmar.wp-acc.unframed.app\/de\/wp-json\/wp\/v2\/pages\/1114"}],"collection":[{"href":"https:\/\/cirmar.wp-acc.unframed.app\/de\/wp-json\/wp\/v2\/pages"}],"about":[{"href":"https:\/\/cirmar.wp-acc.unframed.app\/de\/wp-json\/wp\/v2\/types\/page"}],"author":[{"embeddable":true,"href":"https:\/\/cirmar.wp-acc.unframed.app\/de\/wp-json\/wp\/v2\/users\/3"}],"replies":[{"embeddable":true,"href":"https:\/\/cirmar.wp-acc.unframed.app\/de\/wp-json\/wp\/v2\/comments?post=1114"}],"version-history":[{"count":3,"href":"https:\/\/cirmar.wp-acc.unframed.app\/de\/wp-json\/wp\/v2\/pages\/1114\/revisions"}],"predecessor-version":[{"id":2545,"href":"https:\/\/cirmar.wp-acc.unframed.app\/de\/wp-json\/wp\/v2\/pages\/1114\/revisions\/2545"}],"wp:attachment":[{"href":"https:\/\/cirmar.wp-acc.unframed.app\/de\/wp-json\/wp\/v2\/media?parent=1114"}],"curies":[{"name":"wp","href":"https:\/\/api.w.org\/{rel}","templated":true}]}}